{"id":130,"date":"2025-01-16T16:28:59","date_gmt":"2025-01-16T16:28:59","guid":{"rendered":"https:\/\/fantasygeekevents.fr\/?page_id=130"},"modified":"2025-01-29T09:45:17","modified_gmt":"2025-01-29T09:45:17","slug":"adresse","status":"publish","type":"page","link":"https:\/\/fantasygeekevents.fr\/?page_id=130","title":{"rendered":"Adresse"},"content":{"rendered":"\n<div class=\"wp-block-columns is-layout-flex wp-container-core-columns-is-layout-28f84493 wp-block-columns-is-layout-flex\">\n<div class=\"wp-block-column is-layout-flow wp-block-column-is-layout-flow\">\n<h3 class=\"wp-block-heading\">Venir \u00e0 Japan Geek Expo<\/h3>\n<\/div>\n\n\n\n<div class=\"wp-block-column is-layout-flow wp-block-column-is-layout-flow\">\n<h3 class=\"wp-block-heading\">Venir \u00e0 Manga Geek On tour<\/h3>\n<\/div>\n\n\n\n<div class=\"wp-block-column is-layout-flow wp-block-column-is-layout-flow\">\n<h3 class=\"wp-block-heading\"><\/h3>\n<\/div>\n<\/div>\n\n\n\n<div class=\"wp-block-columns is-layout-flex wp-container-core-columns-is-layout-28f84493 wp-block-columns-is-layout-flex\">\n<div class=\"wp-block-column is-layout-flow wp-block-column-is-layout-flow\">\n<figure class=\"wp-block-gallery has-nested-images columns-default is-cropped wp-block-gallery-1 is-layout-flex wp-block-gallery-is-layout-flex\">\n<figure class=\"wp-block-image size-large\"><a href=\"https:\/\/www.google.fr\/maps\/place\/Salle+Ren\u00e9+Cassin\/@49.1561665,5.3771714,428m\/data=!3m1!1e3!4m6!3m5!1s0x47eb1bf703e2d65f:0x873847d4f509326e!8m2!3d49.1562593!4d5.377983!16s%2Fg%2F11c5438sqg?entry=ttu&amp;g_ep=EgoyMDI1MDEyNi4wIKXMDSoASAFQAw%3D%3D\" target=\"_blank\" rel=\" noreferrer noopener\"><img fetchpriority=\"high\" decoding=\"async\" width=\"1024\" height=\"621\" data-id=\"226\" src=\"https:\/\/fantasygeekevents.fr\/wp-content\/uploads\/2025\/01\/image-1024x621.png\" alt=\"\" class=\"wp-image-226\"\/><\/a><\/figure>\n<\/figure>\n<\/div>\n\n\n\n<div class=\"wp-block-column is-layout-flow wp-block-column-is-layout-flow\">\n<figure class=\"wp-block-gallery has-nested-images columns-default is-cropped wp-block-gallery-2 is-layout-flex wp-block-gallery-is-layout-flex\">\n<figure class=\"wp-block-image size-large\"><a href=\"https:\/\/www.google.fr\/maps\/search\/salle+polyvalante+Batilly\/@49.1709982,5.9667669,720m\/data=!3m2!1e3!4b1?entry=ttu&amp;g_ep=EgoyMDI1MDEyNi4wIKXMDSoASAFQAw%3D%3D\" target=\"_blank\" rel=\" noreferrer noopener\"><img decoding=\"async\" width=\"1024\" height=\"637\" data-id=\"222\" src=\"https:\/\/fantasygeekevents.fr\/wp-content\/uploads\/2025\/01\/image_2025-01-29_102544843-e1738142783303-1024x637.png\" alt=\"\" class=\"wp-image-222\"\/><\/a><\/figure>\n<\/figure>\n<\/div>\n\n\n\n<div class=\"wp-block-column is-layout-flow wp-block-column-is-layout-flow\"><\/div>\n<\/div>\n\n\n\n<div class=\"wp-block-columns is-layout-flex wp-container-core-columns-is-layout-28f84493 wp-block-columns-is-layout-flex\">\n<div class=\"wp-block-column is-layout-flow wp-block-column-is-layout-flow\">\n<p><a href=\"https:\/\/www.google.fr\/maps\/place\/Salle+Ren\u00e9+Cassin\/@49.1561665,5.3771714,428m\/data=!3m1!1e3!4m6!3m5!1s0x47eb1bf703e2d65f:0x873847d4f509326e!8m2!3d49.1562593!4d5.377983!16s%2Fg%2F11c5438sqg?entry=ttu&amp;g_ep=EgoyMDI1MDEyNi4wIKXMDSoASAFQAw%3D%3D\" target=\"_blank\" rel=\"noreferrer noopener\">Salle Ren\u00e9 Cassin All. du Pr\u00e9 l&rsquo;\u00c9v\u00eaque, 55100 Verdun<\/a><\/p>\n<\/div>\n\n\n\n<div class=\"wp-block-column is-layout-flow wp-block-column-is-layout-flow\">\n<p><a href=\"https:\/\/www.google.fr\/maps\/search\/salle+polyvalante+Batilly\/@49.1709982,5.9667669,720m\/data=!3m2!1e3!4b1?entry=ttu&amp;g_ep=EgoyMDI1MDEyNi4wIKXMDSoASAFQAw%3D%3D\" target=\"_blank\" rel=\"noreferrer noopener\">Salle Polyvalente 1 impasse de la barri\u00e8re, 54980 Batilly<\/a><\/p>\n<\/div>\n\n\n\n<div class=\"wp-block-column is-layout-flow wp-block-column-is-layout-flow\"><\/div>\n<\/div>\n\n\n\n<p><\/p>\n","protected":false},"excerpt":{"rendered":"<p>Venir \u00e0 Japan Geek Expo Venir \u00e0 Manga Geek On tour Salle Ren\u00e9 Cassin All. du Pr\u00e9 l&rsquo;\u00c9v\u00eaque, 55100 Verdun Salle Polyvalente 1 impasse de la barri\u00e8re, 54980 Batilly<\/p>\n","protected":false},"author":1,"featured_media":0,"parent":0,"menu_order":0,"comment_status":"closed","ping_status":"closed","template":"","meta":{"footnotes":""},"class_list":["post-130","page","type-page","status-publish","hentry"],"yoast_head":"<!-- This site is optimized with the Yoast SEO plugin v26.6 - https:\/\/yoast.com\/wordpress\/plugins\/seo\/ -->\n<title>Adresse - Fantasy Geek \u00c9vents<\/title>\n<meta name=\"robots\" content=\"index, follow, max-snippet:-1, max-image-preview:large, max-video-preview:-1\" \/>\n<link rel=\"canonical\" href=\"https:\/\/fantasygeekevents.fr\/?page_id=130\" \/>\n<meta property=\"og:locale\" content=\"fr_FR\" \/>\n<meta property=\"og:type\" content=\"article\" \/>\n<meta property=\"og:title\" content=\"Adresse - Fantasy Geek \u00c9vents\" \/>\n<meta property=\"og:description\" content=\"Venir \u00e0 Japan Geek Expo Venir \u00e0 Manga Geek On tour Salle Ren\u00e9 Cassin All. du Pr\u00e9 l&rsquo;\u00c9v\u00eaque, 55100 Verdun Salle Polyvalente 1 impasse de la barri\u00e8re, 54980 Batilly\" \/>\n<meta property=\"og:url\" content=\"https:\/\/fantasygeekevents.fr\/?page_id=130\" \/>\n<meta property=\"og:site_name\" content=\"Fantasy Geek \u00c9vents\" \/>\n<meta property=\"article:modified_time\" content=\"2025-01-29T09:45:17+00:00\" \/>\n<meta property=\"og:image\" content=\"https:\/\/fantasygeekevents.fr\/wp-content\/uploads\/2025\/01\/image-e1738143486268.png\" \/>\n\t<meta property=\"og:image:width\" content=\"638\" \/>\n\t<meta property=\"og:image:height\" content=\"638\" \/>\n\t<meta property=\"og:image:type\" content=\"image\/png\" \/>\n<meta name=\"twitter:card\" content=\"summary_large_image\" \/>\n<meta name=\"twitter:label1\" content=\"Dur\u00e9e de lecture estim\u00e9e\" \/>\n\t<meta name=\"twitter:data1\" content=\"1 minute\" \/>\n<script type=\"application\/ld+json\" class=\"yoast-schema-graph\">{\"@context\":\"https:\/\/schema.org\",\"@graph\":[{\"@type\":\"WebPage\",\"@id\":\"https:\/\/fantasygeekevents.fr\/?page_id=130\",\"url\":\"https:\/\/fantasygeekevents.fr\/?page_id=130\",\"name\":\"Adresse - Fantasy Geek \u00c9vents\",\"isPartOf\":{\"@id\":\"https:\/\/fantasygeekevents.fr\/#website\"},\"primaryImageOfPage\":{\"@id\":\"https:\/\/fantasygeekevents.fr\/?page_id=130#primaryimage\"},\"image\":{\"@id\":\"https:\/\/fantasygeekevents.fr\/?page_id=130#primaryimage\"},\"thumbnailUrl\":\"https:\/\/fantasygeekevents.fr\/wp-content\/uploads\/2025\/01\/image-1024x621.png\",\"datePublished\":\"2025-01-16T16:28:59+00:00\",\"dateModified\":\"2025-01-29T09:45:17+00:00\",\"breadcrumb\":{\"@id\":\"https:\/\/fantasygeekevents.fr\/?page_id=130#breadcrumb\"},\"inLanguage\":\"fr-FR\",\"potentialAction\":[{\"@type\":\"ReadAction\",\"target\":[\"https:\/\/fantasygeekevents.fr\/?page_id=130\"]}]},{\"@type\":\"ImageObject\",\"inLanguage\":\"fr-FR\",\"@id\":\"https:\/\/fantasygeekevents.fr\/?page_id=130#primaryimage\",\"url\":\"https:\/\/fantasygeekevents.fr\/wp-content\/uploads\/2025\/01\/image-e1738143486268.png\",\"contentUrl\":\"https:\/\/fantasygeekevents.fr\/wp-content\/uploads\/2025\/01\/image-e1738143486268.png\",\"width\":638,\"height\":638},{\"@type\":\"BreadcrumbList\",\"@id\":\"https:\/\/fantasygeekevents.fr\/?page_id=130#breadcrumb\",\"itemListElement\":[{\"@type\":\"ListItem\",\"position\":1,\"name\":\"Accueil\",\"item\":\"https:\/\/fantasygeekevents.fr\/\"},{\"@type\":\"ListItem\",\"position\":2,\"name\":\"Adresse\"}]},{\"@type\":\"WebSite\",\"@id\":\"https:\/\/fantasygeekevents.fr\/#website\",\"url\":\"https:\/\/fantasygeekevents.fr\/\",\"name\":\"Fantasy Geek \u00c9vents\",\"description\":\"Fantasy Geek \u00c9vents est une association qui a pour but de rassembler les familles et les jeunes.\",\"publisher\":{\"@id\":\"https:\/\/fantasygeekevents.fr\/#organization\"},\"potentialAction\":[{\"@type\":\"SearchAction\",\"target\":{\"@type\":\"EntryPoint\",\"urlTemplate\":\"https:\/\/fantasygeekevents.fr\/?s={search_term_string}\"},\"query-input\":{\"@type\":\"PropertyValueSpecification\",\"valueRequired\":true,\"valueName\":\"search_term_string\"}}],\"inLanguage\":\"fr-FR\"},{\"@type\":\"Organization\",\"@id\":\"https:\/\/fantasygeekevents.fr\/#organization\",\"name\":\"Fantasy Geek \u00c9vents\",\"url\":\"https:\/\/fantasygeekevents.fr\/\",\"logo\":{\"@type\":\"ImageObject\",\"inLanguage\":\"fr-FR\",\"@id\":\"https:\/\/fantasygeekevents.fr\/#\/schema\/logo\/image\/\",\"url\":\"https:\/\/fantasygeekevents.fr\/wp-content\/uploads\/2025\/01\/cropped-644e790c-c0d2-48cd-86a5-f0048bebd2ec.png\",\"contentUrl\":\"https:\/\/fantasygeekevents.fr\/wp-content\/uploads\/2025\/01\/cropped-644e790c-c0d2-48cd-86a5-f0048bebd2ec.png\",\"width\":960,\"height\":960,\"caption\":\"Fantasy Geek \u00c9vents\"},\"image\":{\"@id\":\"https:\/\/fantasygeekevents.fr\/#\/schema\/logo\/image\/\"}}]}<\/script>\n<!-- \/ Yoast SEO plugin. -->","yoast_head_json":{"title":"Adresse - Fantasy Geek \u00c9vents","robots":{"index":"index","follow":"follow","max-snippet":"max-snippet:-1","max-image-preview":"max-image-preview:large","max-video-preview":"max-video-preview:-1"},"canonical":"https:\/\/fantasygeekevents.fr\/?page_id=130","og_locale":"fr_FR","og_type":"article","og_title":"Adresse - Fantasy Geek \u00c9vents","og_description":"Venir \u00e0 Japan Geek Expo Venir \u00e0 Manga Geek On tour Salle Ren\u00e9 Cassin All. du Pr\u00e9 l&rsquo;\u00c9v\u00eaque, 55100 Verdun Salle Polyvalente 1 impasse de la barri\u00e8re, 54980 Batilly","og_url":"https:\/\/fantasygeekevents.fr\/?page_id=130","og_site_name":"Fantasy Geek \u00c9vents","article_modified_time":"2025-01-29T09:45:17+00:00","og_image":[{"width":638,"height":638,"url":"https:\/\/fantasygeekevents.fr\/wp-content\/uploads\/2025\/01\/image-e1738143486268.png","type":"image\/png"}],"twitter_card":"summary_large_image","twitter_misc":{"Dur\u00e9e de lecture estim\u00e9e":"1 minute"},"schema":{"@context":"https:\/\/schema.org","@graph":[{"@type":"WebPage","@id":"https:\/\/fantasygeekevents.fr\/?page_id=130","url":"https:\/\/fantasygeekevents.fr\/?page_id=130","name":"Adresse - Fantasy Geek \u00c9vents","isPartOf":{"@id":"https:\/\/fantasygeekevents.fr\/#website"},"primaryImageOfPage":{"@id":"https:\/\/fantasygeekevents.fr\/?page_id=130#primaryimage"},"image":{"@id":"https:\/\/fantasygeekevents.fr\/?page_id=130#primaryimage"},"thumbnailUrl":"https:\/\/fantasygeekevents.fr\/wp-content\/uploads\/2025\/01\/image-1024x621.png","datePublished":"2025-01-16T16:28:59+00:00","dateModified":"2025-01-29T09:45:17+00:00","breadcrumb":{"@id":"https:\/\/fantasygeekevents.fr\/?page_id=130#breadcrumb"},"inLanguage":"fr-FR","potentialAction":[{"@type":"ReadAction","target":["https:\/\/fantasygeekevents.fr\/?page_id=130"]}]},{"@type":"ImageObject","inLanguage":"fr-FR","@id":"https:\/\/fantasygeekevents.fr\/?page_id=130#primaryimage","url":"https:\/\/fantasygeekevents.fr\/wp-content\/uploads\/2025\/01\/image-e1738143486268.png","contentUrl":"https:\/\/fantasygeekevents.fr\/wp-content\/uploads\/2025\/01\/image-e1738143486268.png","width":638,"height":638},{"@type":"BreadcrumbList","@id":"https:\/\/fantasygeekevents.fr\/?page_id=130#breadcrumb","itemListElement":[{"@type":"ListItem","position":1,"name":"Accueil","item":"https:\/\/fantasygeekevents.fr\/"},{"@type":"ListItem","position":2,"name":"Adresse"}]},{"@type":"WebSite","@id":"https:\/\/fantasygeekevents.fr\/#website","url":"https:\/\/fantasygeekevents.fr\/","name":"Fantasy Geek \u00c9vents","description":"Fantasy Geek \u00c9vents est une association qui a pour but de rassembler les familles et les jeunes.","publisher":{"@id":"https:\/\/fantasygeekevents.fr\/#organization"},"potentialAction":[{"@type":"SearchAction","target":{"@type":"EntryPoint","urlTemplate":"https:\/\/fantasygeekevents.fr\/?s={search_term_string}"},"query-input":{"@type":"PropertyValueSpecification","valueRequired":true,"valueName":"search_term_string"}}],"inLanguage":"fr-FR"},{"@type":"Organization","@id":"https:\/\/fantasygeekevents.fr\/#organization","name":"Fantasy Geek \u00c9vents","url":"https:\/\/fantasygeekevents.fr\/","logo":{"@type":"ImageObject","inLanguage":"fr-FR","@id":"https:\/\/fantasygeekevents.fr\/#\/schema\/logo\/image\/","url":"https:\/\/fantasygeekevents.fr\/wp-content\/uploads\/2025\/01\/cropped-644e790c-c0d2-48cd-86a5-f0048bebd2ec.png","contentUrl":"https:\/\/fantasygeekevents.fr\/wp-content\/uploads\/2025\/01\/cropped-644e790c-c0d2-48cd-86a5-f0048bebd2ec.png","width":960,"height":960,"caption":"Fantasy Geek \u00c9vents"},"image":{"@id":"https:\/\/fantasygeekevents.fr\/#\/schema\/logo\/image\/"}}]}},"featured_media_urls":[],"_links":{"self":[{"href":"https:\/\/fantasygeekevents.fr\/index.php?rest_route=\/wp\/v2\/pages\/130","targetHints":{"allow":["GET"]}}],"collection":[{"href":"https:\/\/fantasygeekevents.fr\/index.php?rest_route=\/wp\/v2\/pages"}],"about":[{"href":"https:\/\/fantasygeekevents.fr\/index.php?rest_route=\/wp\/v2\/types\/page"}],"author":[{"embeddable":true,"href":"https:\/\/fantasygeekevents.fr\/index.php?rest_route=\/wp\/v2\/users\/1"}],"replies":[{"embeddable":true,"href":"https:\/\/fantasygeekevents.fr\/index.php?rest_route=%2Fwp%2Fv2%2Fcomments&post=130"}],"version-history":[{"count":17,"href":"https:\/\/fantasygeekevents.fr\/index.php?rest_route=\/wp\/v2\/pages\/130\/revisions"}],"predecessor-version":[{"id":240,"href":"https:\/\/fantasygeekevents.fr\/index.php?rest_route=\/wp\/v2\/pages\/130\/revisions\/240"}],"wp:attachment":[{"href":"https:\/\/fantasygeekevents.fr\/index.php?rest_route=%2Fwp%2Fv2%2Fmedia&parent=130"}],"curies":[{"name":"wp","href":"https:\/\/api.w.org\/{rel}","templated":true}]}}