{"id":292,"date":"2025-01-29T12:24:58","date_gmt":"2025-01-29T12:24:58","guid":{"rendered":"https:\/\/fantasygeekevents.fr\/?page_id=292"},"modified":"2025-01-29T16:59:55","modified_gmt":"2025-01-29T16:59:55","slug":"marche-de-noel-des-heros-et-legendes","status":"publish","type":"page","link":"https:\/\/fantasygeekevents.fr\/?page_id=292","title":{"rendered":"March\u00e9 de Noel des H\u00e9ros et L\u00e9gendes"},"content":{"rendered":"\n<p>Valleroy<\/p>\n\n\n\n<div class=\"wp-block-columns is-layout-flex wp-container-core-columns-is-layout-28f84493 wp-block-columns-is-layout-flex\">\n<div class=\"wp-block-column is-layout-flow wp-block-column-is-layout-flow\">\n<figure class=\"wp-block-image size-large\"><img fetchpriority=\"high\" decoding=\"async\" width=\"724\" height=\"1024\" src=\"https:\/\/fantasygeekevents.fr\/wp-content\/uploads\/2025\/01\/WhatsApp-Image-2025-01-29-a-13.28.53_c96423ff-724x1024.jpg\" alt=\"\" class=\"wp-image-319\" srcset=\"https:\/\/fantasygeekevents.fr\/wp-content\/uploads\/2025\/01\/WhatsApp-Image-2025-01-29-a-13.28.53_c96423ff-724x1024.jpg 724w, https:\/\/fantasygeekevents.fr\/wp-content\/uploads\/2025\/01\/WhatsApp-Image-2025-01-29-a-13.28.53_c96423ff-212x300.jpg 212w, https:\/\/fantasygeekevents.fr\/wp-content\/uploads\/2025\/01\/WhatsApp-Image-2025-01-29-a-13.28.53_c96423ff.jpg 1131w\" sizes=\"(max-width: 724px) 100vw, 724px\" \/><\/figure>\n<\/div>\n\n\n\n<div class=\"wp-block-column is-layout-flow wp-block-column-is-layout-flow\">\n<figure class=\"wp-block-gallery has-nested-images columns-default is-cropped wp-block-gallery-1 is-layout-flex wp-block-gallery-is-layout-flex\">\n<figure class=\"wp-block-image size-large\"><img decoding=\"async\" width=\"720\" height=\"1018\" data-id=\"323\" src=\"https:\/\/fantasygeekevents.fr\/wp-content\/uploads\/2025\/01\/WhatsApp-Image-2025-01-29-a-16.16.00_e3fb2f38-1.jpg\" alt=\"\" class=\"wp-image-323\" srcset=\"https:\/\/fantasygeekevents.fr\/wp-content\/uploads\/2025\/01\/WhatsApp-Image-2025-01-29-a-16.16.00_e3fb2f38-1.jpg 720w, https:\/\/fantasygeekevents.fr\/wp-content\/uploads\/2025\/01\/WhatsApp-Image-2025-01-29-a-16.16.00_e3fb2f38-1-212x300.jpg 212w\" sizes=\"(max-width: 720px) 100vw, 720px\" \/><\/figure>\n<\/figure>\n<\/div>\n<\/div>\n\n\n\n<div style=\"height:100px\" aria-hidden=\"true\" class=\"wp-block-spacer\"><\/div>\n\n\n\n<div class=\"wp-block-columns is-layout-flex wp-container-core-columns-is-layout-28f84493 wp-block-columns-is-layout-flex\">\n<div class=\"wp-block-column is-layout-flow wp-block-column-is-layout-flow\">\n<figure class=\"wp-block-image size-full\"><img decoding=\"async\" width=\"720\" height=\"1018\" src=\"https:\/\/fantasygeekevents.fr\/wp-content\/uploads\/2025\/01\/WhatsApp-Image-2025-01-29-a-16.16.00_344f53a0-1.jpg\" alt=\"\" class=\"wp-image-324\" srcset=\"https:\/\/fantasygeekevents.fr\/wp-content\/uploads\/2025\/01\/WhatsApp-Image-2025-01-29-a-16.16.00_344f53a0-1.jpg 720w, https:\/\/fantasygeekevents.fr\/wp-content\/uploads\/2025\/01\/WhatsApp-Image-2025-01-29-a-16.16.00_344f53a0-1-212x300.jpg 212w\" sizes=\"(max-width: 720px) 100vw, 720px\" \/><\/figure>\n<\/div>\n\n\n\n<div class=\"wp-block-column is-layout-flow wp-block-column-is-layout-flow\">\n<figure class=\"wp-block-image size-full is-resized\"><img loading=\"lazy\" decoding=\"async\" width=\"720\" height=\"1018\" src=\"https:\/\/fantasygeekevents.fr\/wp-content\/uploads\/2025\/01\/WhatsApp-Image-2025-01-29-a-16.15.59_5a006f88-1.jpg\" alt=\"\" class=\"wp-image-320\" style=\"width:527px;height:auto\" srcset=\"https:\/\/fantasygeekevents.fr\/wp-content\/uploads\/2025\/01\/WhatsApp-Image-2025-01-29-a-16.15.59_5a006f88-1.jpg 720w, https:\/\/fantasygeekevents.fr\/wp-content\/uploads\/2025\/01\/WhatsApp-Image-2025-01-29-a-16.15.59_5a006f88-1-212x300.jpg 212w\" sizes=\"(max-width: 720px) 100vw, 720px\" \/><\/figure>\n<\/div>\n<\/div>\n\n\n\n<p><\/p>\n","protected":false},"excerpt":{"rendered":"<p>Valleroy<\/p>\n","protected":false},"author":2,"featured_media":0,"parent":0,"menu_order":0,"comment_status":"closed","ping_status":"closed","template":"","meta":{"footnotes":""},"class_list":["post-292","page","type-page","status-publish","hentry"],"yoast_head":"<!-- This site is optimized with the Yoast SEO plugin v26.6 - https:\/\/yoast.com\/wordpress\/plugins\/seo\/ -->\n<title>March\u00e9 de Noel des H\u00e9ros et L\u00e9gendes - Fantasy Geek \u00c9vents<\/title>\n<meta name=\"robots\" content=\"index, follow, max-snippet:-1, max-image-preview:large, max-video-preview:-1\" \/>\n<link rel=\"canonical\" href=\"https:\/\/fantasygeekevents.fr\/?page_id=292\" \/>\n<meta property=\"og:locale\" content=\"fr_FR\" \/>\n<meta property=\"og:type\" content=\"article\" \/>\n<meta property=\"og:title\" content=\"March\u00e9 de Noel des H\u00e9ros et L\u00e9gendes - Fantasy Geek \u00c9vents\" \/>\n<meta property=\"og:description\" content=\"Valleroy\" \/>\n<meta property=\"og:url\" content=\"https:\/\/fantasygeekevents.fr\/?page_id=292\" \/>\n<meta property=\"og:site_name\" content=\"Fantasy Geek \u00c9vents\" \/>\n<meta property=\"article:modified_time\" content=\"2025-01-29T16:59:55+00:00\" \/>\n<meta property=\"og:image\" content=\"https:\/\/fantasygeekevents.fr\/wp-content\/uploads\/2025\/01\/WhatsApp-Image-2025-01-29-a-13.28.53_c96423ff.jpg\" \/>\n\t<meta property=\"og:image:width\" content=\"1131\" \/>\n\t<meta property=\"og:image:height\" content=\"1600\" \/>\n\t<meta property=\"og:image:type\" content=\"image\/jpeg\" \/>\n<meta name=\"twitter:card\" content=\"summary_large_image\" \/>\n<meta name=\"twitter:label1\" content=\"Dur\u00e9e de lecture estim\u00e9e\" \/>\n\t<meta name=\"twitter:data1\" content=\"1 minute\" \/>\n<script type=\"application\/ld+json\" class=\"yoast-schema-graph\">{\"@context\":\"https:\/\/schema.org\",\"@graph\":[{\"@type\":\"WebPage\",\"@id\":\"https:\/\/fantasygeekevents.fr\/?page_id=292\",\"url\":\"https:\/\/fantasygeekevents.fr\/?page_id=292\",\"name\":\"March\u00e9 de Noel des H\u00e9ros et L\u00e9gendes - Fantasy Geek \u00c9vents\",\"isPartOf\":{\"@id\":\"https:\/\/fantasygeekevents.fr\/#website\"},\"primaryImageOfPage\":{\"@id\":\"https:\/\/fantasygeekevents.fr\/?page_id=292#primaryimage\"},\"image\":{\"@id\":\"https:\/\/fantasygeekevents.fr\/?page_id=292#primaryimage\"},\"thumbnailUrl\":\"https:\/\/fantasygeekevents.fr\/wp-content\/uploads\/2025\/01\/WhatsApp-Image-2025-01-29-a-13.28.53_c96423ff-724x1024.jpg\",\"datePublished\":\"2025-01-29T12:24:58+00:00\",\"dateModified\":\"2025-01-29T16:59:55+00:00\",\"breadcrumb\":{\"@id\":\"https:\/\/fantasygeekevents.fr\/?page_id=292#breadcrumb\"},\"inLanguage\":\"fr-FR\",\"potentialAction\":[{\"@type\":\"ReadAction\",\"target\":[\"https:\/\/fantasygeekevents.fr\/?page_id=292\"]}]},{\"@type\":\"ImageObject\",\"inLanguage\":\"fr-FR\",\"@id\":\"https:\/\/fantasygeekevents.fr\/?page_id=292#primaryimage\",\"url\":\"https:\/\/fantasygeekevents.fr\/wp-content\/uploads\/2025\/01\/WhatsApp-Image-2025-01-29-a-13.28.53_c96423ff.jpg\",\"contentUrl\":\"https:\/\/fantasygeekevents.fr\/wp-content\/uploads\/2025\/01\/WhatsApp-Image-2025-01-29-a-13.28.53_c96423ff.jpg\",\"width\":1131,\"height\":1600},{\"@type\":\"BreadcrumbList\",\"@id\":\"https:\/\/fantasygeekevents.fr\/?page_id=292#breadcrumb\",\"itemListElement\":[{\"@type\":\"ListItem\",\"position\":1,\"name\":\"Accueil\",\"item\":\"https:\/\/fantasygeekevents.fr\/\"},{\"@type\":\"ListItem\",\"position\":2,\"name\":\"March\u00e9 de Noel des H\u00e9ros et L\u00e9gendes\"}]},{\"@type\":\"WebSite\",\"@id\":\"https:\/\/fantasygeekevents.fr\/#website\",\"url\":\"https:\/\/fantasygeekevents.fr\/\",\"name\":\"Fantasy Geek \u00c9vents\",\"description\":\"Fantasy Geek \u00c9vents est une association qui a pour but de rassembler les familles et les jeunes.\",\"publisher\":{\"@id\":\"https:\/\/fantasygeekevents.fr\/#organization\"},\"potentialAction\":[{\"@type\":\"SearchAction\",\"target\":{\"@type\":\"EntryPoint\",\"urlTemplate\":\"https:\/\/fantasygeekevents.fr\/?s={search_term_string}\"},\"query-input\":{\"@type\":\"PropertyValueSpecification\",\"valueRequired\":true,\"valueName\":\"search_term_string\"}}],\"inLanguage\":\"fr-FR\"},{\"@type\":\"Organization\",\"@id\":\"https:\/\/fantasygeekevents.fr\/#organization\",\"name\":\"Fantasy Geek \u00c9vents\",\"url\":\"https:\/\/fantasygeekevents.fr\/\",\"logo\":{\"@type\":\"ImageObject\",\"inLanguage\":\"fr-FR\",\"@id\":\"https:\/\/fantasygeekevents.fr\/#\/schema\/logo\/image\/\",\"url\":\"https:\/\/fantasygeekevents.fr\/wp-content\/uploads\/2025\/01\/cropped-644e790c-c0d2-48cd-86a5-f0048bebd2ec.png\",\"contentUrl\":\"https:\/\/fantasygeekevents.fr\/wp-content\/uploads\/2025\/01\/cropped-644e790c-c0d2-48cd-86a5-f0048bebd2ec.png\",\"width\":960,\"height\":960,\"caption\":\"Fantasy Geek \u00c9vents\"},\"image\":{\"@id\":\"https:\/\/fantasygeekevents.fr\/#\/schema\/logo\/image\/\"}}]}<\/script>\n<!-- \/ Yoast SEO plugin. -->","yoast_head_json":{"title":"March\u00e9 de Noel des H\u00e9ros et L\u00e9gendes - Fantasy Geek \u00c9vents","robots":{"index":"index","follow":"follow","max-snippet":"max-snippet:-1","max-image-preview":"max-image-preview:large","max-video-preview":"max-video-preview:-1"},"canonical":"https:\/\/fantasygeekevents.fr\/?page_id=292","og_locale":"fr_FR","og_type":"article","og_title":"March\u00e9 de Noel des H\u00e9ros et L\u00e9gendes - Fantasy Geek \u00c9vents","og_description":"Valleroy","og_url":"https:\/\/fantasygeekevents.fr\/?page_id=292","og_site_name":"Fantasy Geek \u00c9vents","article_modified_time":"2025-01-29T16:59:55+00:00","og_image":[{"width":1131,"height":1600,"url":"https:\/\/fantasygeekevents.fr\/wp-content\/uploads\/2025\/01\/WhatsApp-Image-2025-01-29-a-13.28.53_c96423ff.jpg","type":"image\/jpeg"}],"twitter_card":"summary_large_image","twitter_misc":{"Dur\u00e9e de lecture estim\u00e9e":"1 minute"},"schema":{"@context":"https:\/\/schema.org","@graph":[{"@type":"WebPage","@id":"https:\/\/fantasygeekevents.fr\/?page_id=292","url":"https:\/\/fantasygeekevents.fr\/?page_id=292","name":"March\u00e9 de Noel des H\u00e9ros et L\u00e9gendes - Fantasy Geek \u00c9vents","isPartOf":{"@id":"https:\/\/fantasygeekevents.fr\/#website"},"primaryImageOfPage":{"@id":"https:\/\/fantasygeekevents.fr\/?page_id=292#primaryimage"},"image":{"@id":"https:\/\/fantasygeekevents.fr\/?page_id=292#primaryimage"},"thumbnailUrl":"https:\/\/fantasygeekevents.fr\/wp-content\/uploads\/2025\/01\/WhatsApp-Image-2025-01-29-a-13.28.53_c96423ff-724x1024.jpg","datePublished":"2025-01-29T12:24:58+00:00","dateModified":"2025-01-29T16:59:55+00:00","breadcrumb":{"@id":"https:\/\/fantasygeekevents.fr\/?page_id=292#breadcrumb"},"inLanguage":"fr-FR","potentialAction":[{"@type":"ReadAction","target":["https:\/\/fantasygeekevents.fr\/?page_id=292"]}]},{"@type":"ImageObject","inLanguage":"fr-FR","@id":"https:\/\/fantasygeekevents.fr\/?page_id=292#primaryimage","url":"https:\/\/fantasygeekevents.fr\/wp-content\/uploads\/2025\/01\/WhatsApp-Image-2025-01-29-a-13.28.53_c96423ff.jpg","contentUrl":"https:\/\/fantasygeekevents.fr\/wp-content\/uploads\/2025\/01\/WhatsApp-Image-2025-01-29-a-13.28.53_c96423ff.jpg","width":1131,"height":1600},{"@type":"BreadcrumbList","@id":"https:\/\/fantasygeekevents.fr\/?page_id=292#breadcrumb","itemListElement":[{"@type":"ListItem","position":1,"name":"Accueil","item":"https:\/\/fantasygeekevents.fr\/"},{"@type":"ListItem","position":2,"name":"March\u00e9 de Noel des H\u00e9ros et L\u00e9gendes"}]},{"@type":"WebSite","@id":"https:\/\/fantasygeekevents.fr\/#website","url":"https:\/\/fantasygeekevents.fr\/","name":"Fantasy Geek \u00c9vents","description":"Fantasy Geek \u00c9vents est une association qui a pour but de rassembler les familles et les jeunes.","publisher":{"@id":"https:\/\/fantasygeekevents.fr\/#organization"},"potentialAction":[{"@type":"SearchAction","target":{"@type":"EntryPoint","urlTemplate":"https:\/\/fantasygeekevents.fr\/?s={search_term_string}"},"query-input":{"@type":"PropertyValueSpecification","valueRequired":true,"valueName":"search_term_string"}}],"inLanguage":"fr-FR"},{"@type":"Organization","@id":"https:\/\/fantasygeekevents.fr\/#organization","name":"Fantasy Geek \u00c9vents","url":"https:\/\/fantasygeekevents.fr\/","logo":{"@type":"ImageObject","inLanguage":"fr-FR","@id":"https:\/\/fantasygeekevents.fr\/#\/schema\/logo\/image\/","url":"https:\/\/fantasygeekevents.fr\/wp-content\/uploads\/2025\/01\/cropped-644e790c-c0d2-48cd-86a5-f0048bebd2ec.png","contentUrl":"https:\/\/fantasygeekevents.fr\/wp-content\/uploads\/2025\/01\/cropped-644e790c-c0d2-48cd-86a5-f0048bebd2ec.png","width":960,"height":960,"caption":"Fantasy Geek \u00c9vents"},"image":{"@id":"https:\/\/fantasygeekevents.fr\/#\/schema\/logo\/image\/"}}]}},"featured_media_urls":[],"_links":{"self":[{"href":"https:\/\/fantasygeekevents.fr\/index.php?rest_route=\/wp\/v2\/pages\/292","targetHints":{"allow":["GET"]}}],"collection":[{"href":"https:\/\/fantasygeekevents.fr\/index.php?rest_route=\/wp\/v2\/pages"}],"about":[{"href":"https:\/\/fantasygeekevents.fr\/index.php?rest_route=\/wp\/v2\/types\/page"}],"author":[{"embeddable":true,"href":"https:\/\/fantasygeekevents.fr\/index.php?rest_route=\/wp\/v2\/users\/2"}],"replies":[{"embeddable":true,"href":"https:\/\/fantasygeekevents.fr\/index.php?rest_route=%2Fwp%2Fv2%2Fcomments&post=292"}],"version-history":[{"count":3,"href":"https:\/\/fantasygeekevents.fr\/index.php?rest_route=\/wp\/v2\/pages\/292\/revisions"}],"predecessor-version":[{"id":327,"href":"https:\/\/fantasygeekevents.fr\/index.php?rest_route=\/wp\/v2\/pages\/292\/revisions\/327"}],"wp:attachment":[{"href":"https:\/\/fantasygeekevents.fr\/index.php?rest_route=%2Fwp%2Fv2%2Fmedia&parent=292"}],"curies":[{"name":"wp","href":"https:\/\/api.w.org\/{rel}","templated":true}]}}